{"id":85,"date":"2018-09-19T16:09:15","date_gmt":"2018-09-19T14:09:15","guid":{"rendered":"http:\/\/guivelelectricite.fr\/?page_id=85"},"modified":"2022-02-10T18:45:55","modified_gmt":"2022-02-10T17:45:55","slug":"prestations","status":"publish","type":"page","link":"https:\/\/guivelelectricite.fr\/index.php\/prestations\/","title":{"rendered":"Prestations"},"content":{"rendered":"<div id=\"pl-85\"  class=\"panel-layout\" ><div id=\"pg-85-0\"  class=\"panel-grid panel-no-style\" ><div id=\"pgc-85-0-0\"  class=\"panel-grid-cell\" ><div id=\"panel-85-0-0-0\" class=\"so-panel widget widget_sow-editor panel-first-child panel-last-child\" data-index=\"0\" ><div\n\t\t\t\n\t\t\tclass=\"so-widget-sow-editor so-widget-sow-editor-base\"\n\t\t\t\n\t\t><h3 class=\"widget-title\">GUIVEL \u00e9lectricit\u00e9 vous propose ses services d'\u00e9lectricien sur Missillac et ses environs<\/h3>\n<div class=\"siteorigin-widget-tinymce textwidget\">\n\t<\/div>\n<\/div><\/div><\/div><\/div><div id=\"pg-85-1\"  class=\"panel-grid panel-no-style\" ><div id=\"pgc-85-1-0\"  class=\"panel-grid-cell panel-grid-cell-mobile-last\" ><div id=\"panel-85-1-0-0\" class=\"so-panel widget widget_sow-editor panel-first-child\" data-index=\"1\" ><div\n\t\t\t\n\t\t\tclass=\"so-widget-sow-editor so-widget-sow-editor-base\"\n\t\t\t\n\t\t><h3 class=\"widget-title\">Mise en conformit\u00e9 de votre installation \u00e9lectrique<\/h3>\n<div class=\"siteorigin-widget-tinymce textwidget\">\n\t<p>La mise en conformit\u00e9 consiste \u00e0 remettre la totalit\u00e9 de votre installation existante \u00e0 la norme NF C15-100. Cette mise en conformit\u00e9 est par ailleurs obligatoire pour une construction neuve n\u2019\u00e9tant pas pr\u00e9c\u00e9demment raccord\u00e9e \u00e0 l\u2019\u00e9lectricit\u00e9.<\/p>\n<\/div>\n<\/div><\/div><div id=\"panel-85-1-0-1\" class=\"so-panel widget widget_sow-editor panel-last-child\" data-index=\"2\" ><div\n\t\t\t\n\t\t\tclass=\"so-widget-sow-editor so-widget-sow-editor-base\"\n\t\t\t\n\t\t><h3 class=\"widget-title\">Mise en s\u00e9curit\u00e9 de votre installation \u00e9lectrique<\/h3>\n<div class=\"siteorigin-widget-tinymce textwidget\">\n\t<p>Votre logement r\u00e9pondait \u00e0 la norme en vigueur lors de sa construction, mais cette norme \u00e9volue et il est possible qu\u2019il ne r\u00e9ponde plus aux normes actuelles.<\/p>\n<p>Pour votre s\u00e9curit\u00e9 et pour celle de ceux qui vivent dans la maison il est important d\u2019effectuer une mise aux normes de s\u00e9curit\u00e9.<br \/>\nCe peut \u00eatre \u00e9galement l\u2019occasion d\u2019apporter une am\u00e9lioration de confort, d\u2019esth\u00e9tisme et de privil\u00e9gier les \u00e9conomies d\u2019\u00e9nergie.<\/p>\n<\/div>\n<\/div><\/div><\/div><div id=\"pgc-85-1-1\"  class=\"panel-grid-cell panel-grid-cell-empty\" ><\/div><\/div><\/div>","protected":false},"excerpt":{"rendered":"<p>La mise en conformit\u00e9 consiste \u00e0 remettre la totalit\u00e9 de votre installation existante \u00e0 la norme NF C15-100. Cette mise en conformit\u00e9 est par ailleurs obligatoire pour une construction neuve n\u2019\u00e9tant pas pr\u00e9c\u00e9demment raccord\u00e9e \u00e0 l\u2019\u00e9lectricit\u00e9. Votre logement r\u00e9pondait \u00e0 la norme en vigueur lors de sa construction, mais cette<\/p>\n","protected":false},"author":1,"featured_media":0,"parent":0,"menu_order":0,"comment_status":"closed","ping_status":"closed","template":"","meta":{"ngg_post_thumbnail":0,"footnotes":""},"class_list":["post-85","page","type-page","status-publish","hentry"],"yoast_head":"<!-- This site is optimized with the Yoast SEO plugin v27.5 - https:\/\/yoast.com\/product\/yoast-seo-wordpress\/ -->\n<title>Prestations - GVL \u00e9lectricit\u00e9 - service<\/title>\n<meta name=\"robots\" content=\"index, follow, max-snippet:-1, max-image-preview:large, max-video-preview:-1\" \/>\n<link rel=\"canonical\" href=\"http:\/\/guivelelectricite.fr\/index.php\/prestations\/\" \/>\n<meta property=\"og:locale\" content=\"fr_FR\" \/>\n<meta property=\"og:type\" content=\"article\" \/>\n<meta property=\"og:title\" content=\"Prestations - GVL \u00e9lectricit\u00e9 - service\" \/>\n<meta property=\"og:description\" content=\"La mise en conformit\u00e9 consiste \u00e0 remettre la totalit\u00e9 de votre installation existante \u00e0 la norme NF C15-100. Cette mise en conformit\u00e9 est par ailleurs obligatoire pour une construction neuve n\u2019\u00e9tant pas pr\u00e9c\u00e9demment raccord\u00e9e \u00e0 l\u2019\u00e9lectricit\u00e9. Votre logement r\u00e9pondait \u00e0 la norme en vigueur lors de sa construction, mais cette\" \/>\n<meta property=\"og:url\" content=\"http:\/\/guivelelectricite.fr\/index.php\/prestations\/\" \/>\n<meta property=\"og:site_name\" content=\"GVL \u00e9lectricit\u00e9 - service\" \/>\n<meta property=\"article:publisher\" content=\"https:\/\/www.facebook.com\/Guivel-lectricit-315408385903294\" \/>\n<meta property=\"article:modified_time\" content=\"2022-02-10T17:45:55+00:00\" \/>\n<meta name=\"twitter:card\" content=\"summary_large_image\" \/>\n<meta name=\"twitter:label1\" content=\"Dur\u00e9e de lecture estim\u00e9e\" \/>\n\t<meta name=\"twitter:data1\" content=\"1 minute\" \/>\n<script type=\"application\/ld+json\" class=\"yoast-schema-graph\">{\"@context\":\"https:\\\/\\\/schema.org\",\"@graph\":[{\"@type\":\"WebPage\",\"@id\":\"http:\\\/\\\/guivelelectricite.fr\\\/index.php\\\/prestations\\\/\",\"url\":\"http:\\\/\\\/guivelelectricite.fr\\\/index.php\\\/prestations\\\/\",\"name\":\"Prestations - GVL \u00e9lectricit\u00e9 - service\",\"isPartOf\":{\"@id\":\"http:\\\/\\\/guivelelectricite.fr\\\/#website\"},\"datePublished\":\"2018-09-19T14:09:15+00:00\",\"dateModified\":\"2022-02-10T17:45:55+00:00\",\"breadcrumb\":{\"@id\":\"http:\\\/\\\/guivelelectricite.fr\\\/index.php\\\/prestations\\\/#breadcrumb\"},\"inLanguage\":\"fr-FR\",\"potentialAction\":[{\"@type\":\"ReadAction\",\"target\":[\"http:\\\/\\\/guivelelectricite.fr\\\/index.php\\\/prestations\\\/\"]}]},{\"@type\":\"BreadcrumbList\",\"@id\":\"http:\\\/\\\/guivelelectricite.fr\\\/index.php\\\/prestations\\\/#breadcrumb\",\"itemListElement\":[{\"@type\":\"ListItem\",\"position\":1,\"name\":\"Accueil\",\"item\":\"https:\\\/\\\/guivelelectricite.fr\\\/\"},{\"@type\":\"ListItem\",\"position\":2,\"name\":\"Prestations\"}]},{\"@type\":\"WebSite\",\"@id\":\"http:\\\/\\\/guivelelectricite.fr\\\/#website\",\"url\":\"http:\\\/\\\/guivelelectricite.fr\\\/\",\"name\":\"GUIVEL \u00e9lectricit\u00e9\",\"description\":\"Artisan \u00e9lectricien\",\"publisher\":{\"@id\":\"http:\\\/\\\/guivelelectricite.fr\\\/#organization\"},\"potentialAction\":[{\"@type\":\"SearchAction\",\"target\":{\"@type\":\"EntryPoint\",\"urlTemplate\":\"http:\\\/\\\/guivelelectricite.fr\\\/?s={search_term_string}\"},\"query-input\":{\"@type\":\"PropertyValueSpecification\",\"valueRequired\":true,\"valueName\":\"search_term_string\"}}],\"inLanguage\":\"fr-FR\"},{\"@type\":\"Organization\",\"@id\":\"http:\\\/\\\/guivelelectricite.fr\\\/#organization\",\"name\":\"GVL \u00e9lectricit\u00e9\",\"url\":\"http:\\\/\\\/guivelelectricite.fr\\\/\",\"logo\":{\"@type\":\"ImageObject\",\"inLanguage\":\"fr-FR\",\"@id\":\"http:\\\/\\\/guivelelectricite.fr\\\/#\\\/schema\\\/logo\\\/image\\\/\",\"url\":\"https:\\\/\\\/i0.wp.com\\\/guivelelectricite.fr\\\/wp-content\\\/uploads\\\/2024\\\/08\\\/102dcc2f8d0630e1be4094ed6bfbf15b.png?fit=860%2C627&ssl=1\",\"contentUrl\":\"https:\\\/\\\/i0.wp.com\\\/guivelelectricite.fr\\\/wp-content\\\/uploads\\\/2024\\\/08\\\/102dcc2f8d0630e1be4094ed6bfbf15b.png?fit=860%2C627&ssl=1\",\"width\":860,\"height\":627,\"caption\":\"GVL \u00e9lectricit\u00e9\"},\"image\":{\"@id\":\"http:\\\/\\\/guivelelectricite.fr\\\/#\\\/schema\\\/logo\\\/image\\\/\"},\"sameAs\":[\"https:\\\/\\\/www.facebook.com\\\/Guivel-lectricit-315408385903294\"]}]}<\/script>\n<!-- \/ Yoast SEO plugin. -->","yoast_head_json":{"title":"Prestations - GVL \u00e9lectricit\u00e9 - service","robots":{"index":"index","follow":"follow","max-snippet":"max-snippet:-1","max-image-preview":"max-image-preview:large","max-video-preview":"max-video-preview:-1"},"canonical":"http:\/\/guivelelectricite.fr\/index.php\/prestations\/","og_locale":"fr_FR","og_type":"article","og_title":"Prestations - GVL \u00e9lectricit\u00e9 - service","og_description":"La mise en conformit\u00e9 consiste \u00e0 remettre la totalit\u00e9 de votre installation existante \u00e0 la norme NF C15-100. Cette mise en conformit\u00e9 est par ailleurs obligatoire pour une construction neuve n\u2019\u00e9tant pas pr\u00e9c\u00e9demment raccord\u00e9e \u00e0 l\u2019\u00e9lectricit\u00e9. Votre logement r\u00e9pondait \u00e0 la norme en vigueur lors de sa construction, mais cette","og_url":"http:\/\/guivelelectricite.fr\/index.php\/prestations\/","og_site_name":"GVL \u00e9lectricit\u00e9 - service","article_publisher":"https:\/\/www.facebook.com\/Guivel-lectricit-315408385903294","article_modified_time":"2022-02-10T17:45:55+00:00","twitter_card":"summary_large_image","twitter_misc":{"Dur\u00e9e de lecture estim\u00e9e":"1 minute"},"schema":{"@context":"https:\/\/schema.org","@graph":[{"@type":"WebPage","@id":"http:\/\/guivelelectricite.fr\/index.php\/prestations\/","url":"http:\/\/guivelelectricite.fr\/index.php\/prestations\/","name":"Prestations - GVL \u00e9lectricit\u00e9 - service","isPartOf":{"@id":"http:\/\/guivelelectricite.fr\/#website"},"datePublished":"2018-09-19T14:09:15+00:00","dateModified":"2022-02-10T17:45:55+00:00","breadcrumb":{"@id":"http:\/\/guivelelectricite.fr\/index.php\/prestations\/#breadcrumb"},"inLanguage":"fr-FR","potentialAction":[{"@type":"ReadAction","target":["http:\/\/guivelelectricite.fr\/index.php\/prestations\/"]}]},{"@type":"BreadcrumbList","@id":"http:\/\/guivelelectricite.fr\/index.php\/prestations\/#breadcrumb","itemListElement":[{"@type":"ListItem","position":1,"name":"Accueil","item":"https:\/\/guivelelectricite.fr\/"},{"@type":"ListItem","position":2,"name":"Prestations"}]},{"@type":"WebSite","@id":"http:\/\/guivelelectricite.fr\/#website","url":"http:\/\/guivelelectricite.fr\/","name":"GUIVEL \u00e9lectricit\u00e9","description":"Artisan \u00e9lectricien","publisher":{"@id":"http:\/\/guivelelectricite.fr\/#organization"},"potentialAction":[{"@type":"SearchAction","target":{"@type":"EntryPoint","urlTemplate":"http:\/\/guivelelectricite.fr\/?s={search_term_string}"},"query-input":{"@type":"PropertyValueSpecification","valueRequired":true,"valueName":"search_term_string"}}],"inLanguage":"fr-FR"},{"@type":"Organization","@id":"http:\/\/guivelelectricite.fr\/#organization","name":"GVL \u00e9lectricit\u00e9","url":"http:\/\/guivelelectricite.fr\/","logo":{"@type":"ImageObject","inLanguage":"fr-FR","@id":"http:\/\/guivelelectricite.fr\/#\/schema\/logo\/image\/","url":"https:\/\/i0.wp.com\/guivelelectricite.fr\/wp-content\/uploads\/2024\/08\/102dcc2f8d0630e1be4094ed6bfbf15b.png?fit=860%2C627&ssl=1","contentUrl":"https:\/\/i0.wp.com\/guivelelectricite.fr\/wp-content\/uploads\/2024\/08\/102dcc2f8d0630e1be4094ed6bfbf15b.png?fit=860%2C627&ssl=1","width":860,"height":627,"caption":"GVL \u00e9lectricit\u00e9"},"image":{"@id":"http:\/\/guivelelectricite.fr\/#\/schema\/logo\/image\/"},"sameAs":["https:\/\/www.facebook.com\/Guivel-lectricit-315408385903294"]}]}},"jetpack_sharing_enabled":true,"jetpack_shortlink":"https:\/\/wp.me\/Pamzwz-1n","jetpack-related-posts":[],"_links":{"self":[{"href":"https:\/\/guivelelectricite.fr\/index.php\/wp-json\/wp\/v2\/pages\/85","targetHints":{"allow":["GET"]}}],"collection":[{"href":"https:\/\/guivelelectricite.fr\/index.php\/wp-json\/wp\/v2\/pages"}],"about":[{"href":"https:\/\/guivelelectricite.fr\/index.php\/wp-json\/wp\/v2\/types\/page"}],"author":[{"embeddable":true,"href":"https:\/\/guivelelectricite.fr\/index.php\/wp-json\/wp\/v2\/users\/1"}],"replies":[{"embeddable":true,"href":"https:\/\/guivelelectricite.fr\/index.php\/wp-json\/wp\/v2\/comments?post=85"}],"version-history":[{"count":5,"href":"https:\/\/guivelelectricite.fr\/index.php\/wp-json\/wp\/v2\/pages\/85\/revisions"}],"predecessor-version":[{"id":1542,"href":"https:\/\/guivelelectricite.fr\/index.php\/wp-json\/wp\/v2\/pages\/85\/revisions\/1542"}],"wp:attachment":[{"href":"https:\/\/guivelelectricite.fr\/index.php\/wp-json\/wp\/v2\/media?parent=85"}],"curies":[{"name":"wp","href":"https:\/\/api.w.org\/{rel}","templated":true}]}}