{"id":73,"date":"2018-09-19T15:56:44","date_gmt":"2018-09-19T13:56:44","guid":{"rendered":"http:\/\/guivelelectricite.fr\/?page_id=73"},"modified":"2025-10-21T10:06:32","modified_gmt":"2025-10-21T08:06:32","slug":"contact","status":"publish","type":"page","link":"https:\/\/guivelelectricite.fr\/index.php\/accueil\/contact\/","title":{"rendered":"Contact"},"content":{"rendered":"<div id=\"pl-73\"  class=\"panel-layout\" ><div id=\"pg-73-0\"  class=\"panel-grid panel-no-style\" ><div id=\"pgc-73-0-0\"  class=\"panel-grid-cell\" ><div id=\"panel-73-0-0-0\" class=\"so-panel widget widget_sow-editor panel-first-child\" data-index=\"0\" ><div\n\t\t\t\n\t\t\tclass=\"so-widget-sow-editor so-widget-sow-editor-base\"\n\t\t\t\n\t\t>\n<div class=\"siteorigin-widget-tinymce textwidget\">\n\t<p data-start=\"41\" data-end=\"217\">Vous avez un projet d\u2019installation, de r\u00e9novation ou de mise aux normes \u00e9lectriques ? Vous avez une question ou un besoin urgent de d\u00e9pannage ? N\u2019h\u00e9sitez pas \u00e0 nous contacter !<\/p>\n<p data-start=\"219\" data-end=\"465\">Chez Guivel \u00c9lectricit\u00e9, nous sommes \u00e0 votre \u00e9coute pour vous fournir des solutions adapt\u00e9es \u00e0 vos besoins. Que vous soyez un particulier \u00e0 la recherche de conseils ou un client ayant une demande sp\u00e9cifique, nous sommes l\u00e0 pour vous accompagner.<\/p>\n<p data-start=\"467\" data-end=\"775\">Nous nous engageons \u00e0 r\u00e9pondre rapidement \u00e0 toutes vos demandes, qu\u2019il s\u2019agisse d\u2019un devis, d\u2019une intervention ou de simples renseignements. Vous pouvez nous contacter par t\u00e9l\u00e9phone, par email ou en utilisant le formulaire ci-dessous. Nous nous effor\u00e7ons de traiter chaque demande dans les plus brefs d\u00e9lais.<\/p>\n<\/div>\n<\/div><\/div><div id=\"panel-73-0-0-1\" class=\"so-panel widget widget_widget_contact_info widget_contact_info\" data-index=\"1\" ><h3 class=\"widget-title\">Nos coordonn\u00e9es :<\/h3><div itemscope itemtype=\"http:\/\/schema.org\/LocalBusiness\"><div class=\"confit-address\" itemscope itemtype=\"http:\/\/schema.org\/PostalAddress\" itemprop=\"address\"><a href=\"https:\/\/maps.google.com\/maps?z=16&#038;q=31%2Brue%2Bde%2Bla%2Bsuret%C3%A9%2B44780%2Bmissillac\" target=\"_blank\" rel=\"noopener noreferrer\">31 rue de la suret\u00e9 44780 Missillac<\/a><\/div><div class=\"confit-phone\"><span itemprop=\"telephone\"><a href=\"tel:0766000050\">0766000050<\/a><\/span><\/div><div class=\"confit-email\"><a href=\"mailto:andreasguivel@outlook.fr\">andreasguivel@outlook.fr<\/a><\/div><\/div><\/div><div id=\"panel-73-0-0-2\" class=\"so-panel widget widget_sow-editor panel-last-child\" data-index=\"2\" ><div\n\t\t\t\n\t\t\tclass=\"so-widget-sow-editor so-widget-sow-editor-base\"\n\t\t\t\n\t\t>\n<div class=\"siteorigin-widget-tinymce textwidget\">\n\t<p data-start=\"928\" data-end=\"1091\">Nous sommes impatients de collaborer avec vous et de vous offrir un service de qualit\u00e9, fiable et rapide. Votre s\u00e9curit\u00e9 et votre satisfaction sont nos priorit\u00e9s !<\/p>\n<p data-start=\"1093\" data-end=\"1231\" data-is-last-node=\"\">Pour toute demande urgente, n\u2019h\u00e9sitez pas \u00e0 nous appeler directement, nous intervenons rapidement pour r\u00e9soudre vos probl\u00e8mes \u00e9lectriques.<\/p>\n<\/div>\n<\/div><\/div><\/div><\/div><\/div>","protected":false},"excerpt":{"rendered":"<p>Vous avez un projet d\u2019installation, de r\u00e9novation ou de mise aux normes \u00e9lectriques ? Vous avez une question ou un besoin urgent de d\u00e9pannage ? N\u2019h\u00e9sitez pas \u00e0 nous contacter ! Chez Guivel \u00c9lectricit\u00e9, nous sommes \u00e0 votre \u00e9coute pour vous fournir des solutions adapt\u00e9es \u00e0 vos besoins. Que vous<\/p>\n","protected":false},"author":1,"featured_media":0,"parent":45,"menu_order":0,"comment_status":"closed","ping_status":"closed","template":"","meta":{"ngg_post_thumbnail":0,"footnotes":""},"class_list":["post-73","page","type-page","status-publish","hentry"],"jetpack_sharing_enabled":true,"jetpack_shortlink":"https:\/\/wp.me\/Pamzwz-1b","jetpack-related-posts":[],"_links":{"self":[{"href":"https:\/\/guivelelectricite.fr\/index.php\/wp-json\/wp\/v2\/pages\/73","targetHints":{"allow":["GET"]}}],"collection":[{"href":"https:\/\/guivelelectricite.fr\/index.php\/wp-json\/wp\/v2\/pages"}],"about":[{"href":"https:\/\/guivelelectricite.fr\/index.php\/wp-json\/wp\/v2\/types\/page"}],"author":[{"embeddable":true,"href":"https:\/\/guivelelectricite.fr\/index.php\/wp-json\/wp\/v2\/users\/1"}],"replies":[{"embeddable":true,"href":"https:\/\/guivelelectricite.fr\/index.php\/wp-json\/wp\/v2\/comments?post=73"}],"version-history":[{"count":17,"href":"https:\/\/guivelelectricite.fr\/index.php\/wp-json\/wp\/v2\/pages\/73\/revisions"}],"predecessor-version":[{"id":94,"href":"https:\/\/guivelelectricite.fr\/index.php\/wp-json\/wp\/v2\/pages\/73\/revisions\/94"}],"up":[{"embeddable":true,"href":"https:\/\/guivelelectricite.fr\/index.php\/wp-json\/wp\/v2\/pages\/45"}],"wp:attachment":[{"href":"https:\/\/guivelelectricite.fr\/index.php\/wp-json\/wp\/v2\/media?parent=73"}],"curies":[{"name":"wp","href":"https:\/\/api.w.org\/{rel}","templated":true}]}}