{"id":45,"date":"2018-09-18T14:22:28","date_gmt":"2018-09-18T12:22:28","guid":{"rendered":"http:\/\/guivelelectricite.fr\/index.php\/materialis\/"},"modified":"2025-07-20T21:42:36","modified_gmt":"2025-07-20T19:42:36","slug":"accueil","status":"publish","type":"page","link":"https:\/\/guivelelectricite.fr\/","title":{"rendered":"Accueil"},"content":{"rendered":"<div id=\"pl-45\"  class=\"panel-layout\" ><div id=\"pg-45-0\"  class=\"panel-grid panel-no-style\" ><div id=\"pgc-45-0-0\"  class=\"panel-grid-cell\" ><div id=\"panel-45-0-0-0\" class=\"so-panel widget widget_sow-editor panel-first-child panel-last-child\" data-index=\"0\" ><div\n\t\t\t\n\t\t\tclass=\"so-widget-sow-editor so-widget-sow-editor-base\"\n\t\t\t\n\t\t>\n<div class=\"siteorigin-widget-tinymce textwidget\">\n\t<p data-start=\"0\" data-end=\"73\"><strong data-start=\"0\" data-end=\"73\">\u00c9lectricien \u00e0 Missillac \u2013 Installation, r\u00e9novation et mise aux normes<\/strong><\/p>\n<p data-start=\"75\" data-end=\"268\">Bienvenue chez Guivel \u00c9lectricit\u00e9, votre artisan \u00e9lectricien \u00e0 Missillac et dans les environs. Depuis 2018, je mets mes comp\u00e9tences \u00e0 votre service pour r\u00e9pondre \u00e0 tous vos besoins \u00e9lectriques.<\/p>\n<p data-start=\"270\" data-end=\"522\">Je me sp\u00e9cialise dans la r\u00e9novation \u00e9lectrique, la mise aux normes NFC 15-100, ainsi que l\u2019installation de nouveaux \u00e9quipements. Mon objectif est de garantir votre s\u00e9curit\u00e9 en modernisant votre installation tout en l\u2019adaptant \u00e0 vos besoins sp\u00e9cifiques.<\/p>\n<p data-start=\"524\" data-end=\"742\">\ud83d\udd27 <strong data-start=\"527\" data-end=\"560\">R\u00e9novation et mise aux normes<\/strong><br data-start=\"560\" data-end=\"563\"\/>Je vous aide \u00e0 moderniser vos installations \u00e9lectriques afin de les rendre conformes aux normes actuelles. Ainsi, vous b\u00e9n\u00e9ficiez d\u2019une installation plus s\u00fbre et plus performante.<\/p>\n<p data-start=\"744\" data-end=\"959\">\ud83d\udee0 <strong data-start=\"747\" data-end=\"783\">Travail soign\u00e9 et garanti 10 ans<\/strong><br data-start=\"783\" data-end=\"786\"\/>Je prends soin de r\u00e9aliser chaque intervention avec rigueur. En outre, je vous offre une garantie de 10 ans sur mes prestations, ce qui vous assure tranquillit\u00e9 et s\u00e9curit\u00e9.<\/p>\n<p data-start=\"961\" data-end=\"1270\">Je suis \u00e0 l\u2019\u00e9coute de vos besoins pour vous proposer des solutions adapt\u00e9es. Que vous ayez besoin d\u2019un d\u00e9pannage urgent ou d\u2019une nouvelle installation, je vous fournirai un service personnalis\u00e9 et efficace. Chaque projet est trait\u00e9 avec un souci du d\u00e9tail, et je respecte syst\u00e9matiquement les d\u00e9lais convenus.<\/p>\n<p data-start=\"1272\" data-end=\"1499\">\ud83d\udcde <strong data-start=\"1275\" data-end=\"1315\">Devis gratuit et intervention rapide<\/strong><br data-start=\"1315\" data-end=\"1318\"\/>Contactez-moi au 07 66 00 00 50 pour toute demande de devis ou d\u2019intervention. Je m\u2019engage \u00e0 intervenir rapidement pour r\u00e9pondre \u00e0 vos besoins et vous fournir un service de qualit\u00e9.<\/p>\n<p data-start=\"1501\" data-end=\"1747\" data-is-last-node=\"\">En r\u00e9sum\u00e9, Guivel \u00c9lectricit\u00e9 vous garantit des interventions rapides et un travail soign\u00e9. Vous pouvez compter sur mon expertise pour s\u00e9curiser et moderniser vos installations \u00e9lectriques tout en respectant vos attentes et les normes en vigueur.<\/p>\n<\/div>\n<\/div><\/div><\/div><\/div><\/div>","protected":false},"excerpt":{"rendered":"<p>\u00c9lectricien \u00e0 Missillac \u2013 Installation, r\u00e9novation et mise aux normes Bienvenue chez Guivel \u00c9lectricit\u00e9, votre artisan \u00e9lectricien \u00e0 Missillac et dans les environs. Depuis 2018, je mets mes comp\u00e9tences \u00e0 votre service pour r\u00e9pondre \u00e0 tous vos besoins \u00e9lectriques. Je me sp\u00e9cialise dans la r\u00e9novation \u00e9lectrique, la mise aux normes<\/p>\n","protected":false},"author":1,"featured_media":57,"parent":0,"menu_order":0,"comment_status":"closed","ping_status":"closed","template":"","meta":{"ngg_post_thumbnail":0,"footnotes":""},"class_list":["post-45","page","type-page","status-publish","has-post-thumbnail","hentry"],"yoast_head":"<!-- This site is optimized with the Yoast SEO plugin v27.5 - https:\/\/yoast.com\/product\/yoast-seo-wordpress\/ -->\n<title>\u00c9lectricien Missillac, Mise aux normes - R\u00e9novation - D\u00e9pannage<\/title>\n<meta name=\"description\" content=\"GUIVEL \u00c9lectricit\u00e9, \u00e9lectricien \u00e0 Missillac, r\u00e9novation et d\u00e9pannage \u00e9lectriques, mise aux normes. Contactez nous pour vos besoins.\" \/>\n<meta name=\"robots\" content=\"index, follow, max-snippet:-1, max-image-preview:large, max-video-preview:-1\" \/>\n<link rel=\"canonical\" href=\"https:\/\/guivelelectricite.fr\/\" \/>\n<meta property=\"og:locale\" content=\"fr_FR\" \/>\n<meta property=\"og:type\" content=\"article\" \/>\n<meta property=\"og:title\" content=\"\u00c9lectricien Missillac, Mise aux normes - R\u00e9novation - D\u00e9pannage\" \/>\n<meta property=\"og:description\" content=\"GUIVEL \u00c9lectricit\u00e9, \u00e9lectricien \u00e0 Missillac, r\u00e9novation et d\u00e9pannage \u00e9lectriques, mise aux normes. Contactez nous pour vos besoins.\" \/>\n<meta property=\"og:url\" content=\"https:\/\/guivelelectricite.fr\/\" \/>\n<meta property=\"og:site_name\" content=\"GVL \u00e9lectricit\u00e9 - service\" \/>\n<meta property=\"article:publisher\" content=\"https:\/\/www.facebook.com\/Guivel-lectricit-315408385903294\" \/>\n<meta property=\"article:modified_time\" content=\"2025-07-20T19:42:36+00:00\" \/>\n<meta property=\"og:image\" content=\"https:\/\/guivelelectricite.fr\/wp-content\/uploads\/2018\/09\/2.png\" \/>\n\t<meta property=\"og:image:width\" content=\"1024\" \/>\n\t<meta property=\"og:image:height\" content=\"341\" \/>\n\t<meta property=\"og:image:type\" content=\"image\/png\" \/>\n<meta name=\"twitter:card\" content=\"summary_large_image\" \/>\n<meta name=\"twitter:label1\" content=\"Dur\u00e9e de lecture estim\u00e9e\" \/>\n\t<meta name=\"twitter:data1\" content=\"2 minutes\" \/>\n<script type=\"application\/ld+json\" class=\"yoast-schema-graph\">{\"@context\":\"https:\\\/\\\/schema.org\",\"@graph\":[{\"@type\":\"WebPage\",\"@id\":\"https:\\\/\\\/guivelelectricite.fr\\\/\",\"url\":\"https:\\\/\\\/guivelelectricite.fr\\\/\",\"name\":\"\u00c9lectricien Missillac, Mise aux normes - R\u00e9novation - D\u00e9pannage\",\"isPartOf\":{\"@id\":\"http:\\\/\\\/guivelelectricite.fr\\\/#website\"},\"primaryImageOfPage\":{\"@id\":\"https:\\\/\\\/guivelelectricite.fr\\\/#primaryimage\"},\"image\":{\"@id\":\"https:\\\/\\\/guivelelectricite.fr\\\/#primaryimage\"},\"thumbnailUrl\":\"https:\\\/\\\/i0.wp.com\\\/guivelelectricite.fr\\\/wp-content\\\/uploads\\\/2018\\\/09\\\/2.png?fit=1024%2C341&ssl=1\",\"datePublished\":\"2018-09-18T12:22:28+00:00\",\"dateModified\":\"2025-07-20T19:42:36+00:00\",\"description\":\"GUIVEL \u00c9lectricit\u00e9, \u00e9lectricien \u00e0 Missillac, r\u00e9novation et d\u00e9pannage \u00e9lectriques, mise aux normes. Contactez nous pour vos besoins.\",\"breadcrumb\":{\"@id\":\"https:\\\/\\\/guivelelectricite.fr\\\/#breadcrumb\"},\"inLanguage\":\"fr-FR\",\"potentialAction\":[{\"@type\":\"ReadAction\",\"target\":[\"https:\\\/\\\/guivelelectricite.fr\\\/\"]}]},{\"@type\":\"ImageObject\",\"inLanguage\":\"fr-FR\",\"@id\":\"https:\\\/\\\/guivelelectricite.fr\\\/#primaryimage\",\"url\":\"https:\\\/\\\/i0.wp.com\\\/guivelelectricite.fr\\\/wp-content\\\/uploads\\\/2018\\\/09\\\/2.png?fit=1024%2C341&ssl=1\",\"contentUrl\":\"https:\\\/\\\/i0.wp.com\\\/guivelelectricite.fr\\\/wp-content\\\/uploads\\\/2018\\\/09\\\/2.png?fit=1024%2C341&ssl=1\",\"width\":1024,\"height\":341},{\"@type\":\"BreadcrumbList\",\"@id\":\"https:\\\/\\\/guivelelectricite.fr\\\/#breadcrumb\",\"itemListElement\":[{\"@type\":\"ListItem\",\"position\":1,\"name\":\"Accueil\",\"item\":\"https:\\\/\\\/guivelelectricite.fr\\\/\"},{\"@type\":\"ListItem\",\"position\":2,\"name\":\"Accueil\"}]},{\"@type\":\"WebSite\",\"@id\":\"http:\\\/\\\/guivelelectricite.fr\\\/#website\",\"url\":\"http:\\\/\\\/guivelelectricite.fr\\\/\",\"name\":\"GUIVEL \u00e9lectricit\u00e9\",\"description\":\"Artisan \u00e9lectricien\",\"publisher\":{\"@id\":\"http:\\\/\\\/guivelelectricite.fr\\\/#organization\"},\"potentialAction\":[{\"@type\":\"SearchAction\",\"target\":{\"@type\":\"EntryPoint\",\"urlTemplate\":\"http:\\\/\\\/guivelelectricite.fr\\\/?s={search_term_string}\"},\"query-input\":{\"@type\":\"PropertyValueSpecification\",\"valueRequired\":true,\"valueName\":\"search_term_string\"}}],\"inLanguage\":\"fr-FR\"},{\"@type\":\"Organization\",\"@id\":\"http:\\\/\\\/guivelelectricite.fr\\\/#organization\",\"name\":\"GVL \u00e9lectricit\u00e9\",\"url\":\"http:\\\/\\\/guivelelectricite.fr\\\/\",\"logo\":{\"@type\":\"ImageObject\",\"inLanguage\":\"fr-FR\",\"@id\":\"http:\\\/\\\/guivelelectricite.fr\\\/#\\\/schema\\\/logo\\\/image\\\/\",\"url\":\"https:\\\/\\\/i0.wp.com\\\/guivelelectricite.fr\\\/wp-content\\\/uploads\\\/2024\\\/08\\\/102dcc2f8d0630e1be4094ed6bfbf15b.png?fit=860%2C627&ssl=1\",\"contentUrl\":\"https:\\\/\\\/i0.wp.com\\\/guivelelectricite.fr\\\/wp-content\\\/uploads\\\/2024\\\/08\\\/102dcc2f8d0630e1be4094ed6bfbf15b.png?fit=860%2C627&ssl=1\",\"width\":860,\"height\":627,\"caption\":\"GVL \u00e9lectricit\u00e9\"},\"image\":{\"@id\":\"http:\\\/\\\/guivelelectricite.fr\\\/#\\\/schema\\\/logo\\\/image\\\/\"},\"sameAs\":[\"https:\\\/\\\/www.facebook.com\\\/Guivel-lectricit-315408385903294\"]}]}<\/script>\n<!-- \/ Yoast SEO plugin. -->","yoast_head_json":{"title":"\u00c9lectricien Missillac, Mise aux normes - R\u00e9novation - D\u00e9pannage","description":"GUIVEL \u00c9lectricit\u00e9, \u00e9lectricien \u00e0 Missillac, r\u00e9novation et d\u00e9pannage \u00e9lectriques, mise aux normes. Contactez nous pour vos besoins.","robots":{"index":"index","follow":"follow","max-snippet":"max-snippet:-1","max-image-preview":"max-image-preview:large","max-video-preview":"max-video-preview:-1"},"canonical":"https:\/\/guivelelectricite.fr\/","og_locale":"fr_FR","og_type":"article","og_title":"\u00c9lectricien Missillac, Mise aux normes - R\u00e9novation - D\u00e9pannage","og_description":"GUIVEL \u00c9lectricit\u00e9, \u00e9lectricien \u00e0 Missillac, r\u00e9novation et d\u00e9pannage \u00e9lectriques, mise aux normes. Contactez nous pour vos besoins.","og_url":"https:\/\/guivelelectricite.fr\/","og_site_name":"GVL \u00e9lectricit\u00e9 - service","article_publisher":"https:\/\/www.facebook.com\/Guivel-lectricit-315408385903294","article_modified_time":"2025-07-20T19:42:36+00:00","og_image":[{"width":1024,"height":341,"url":"https:\/\/guivelelectricite.fr\/wp-content\/uploads\/2018\/09\/2.png","type":"image\/png"}],"twitter_card":"summary_large_image","twitter_misc":{"Dur\u00e9e de lecture estim\u00e9e":"2 minutes"},"schema":{"@context":"https:\/\/schema.org","@graph":[{"@type":"WebPage","@id":"https:\/\/guivelelectricite.fr\/","url":"https:\/\/guivelelectricite.fr\/","name":"\u00c9lectricien Missillac, Mise aux normes - R\u00e9novation - D\u00e9pannage","isPartOf":{"@id":"http:\/\/guivelelectricite.fr\/#website"},"primaryImageOfPage":{"@id":"https:\/\/guivelelectricite.fr\/#primaryimage"},"image":{"@id":"https:\/\/guivelelectricite.fr\/#primaryimage"},"thumbnailUrl":"https:\/\/i0.wp.com\/guivelelectricite.fr\/wp-content\/uploads\/2018\/09\/2.png?fit=1024%2C341&ssl=1","datePublished":"2018-09-18T12:22:28+00:00","dateModified":"2025-07-20T19:42:36+00:00","description":"GUIVEL \u00c9lectricit\u00e9, \u00e9lectricien \u00e0 Missillac, r\u00e9novation et d\u00e9pannage \u00e9lectriques, mise aux normes. Contactez nous pour vos besoins.","breadcrumb":{"@id":"https:\/\/guivelelectricite.fr\/#breadcrumb"},"inLanguage":"fr-FR","potentialAction":[{"@type":"ReadAction","target":["https:\/\/guivelelectricite.fr\/"]}]},{"@type":"ImageObject","inLanguage":"fr-FR","@id":"https:\/\/guivelelectricite.fr\/#primaryimage","url":"https:\/\/i0.wp.com\/guivelelectricite.fr\/wp-content\/uploads\/2018\/09\/2.png?fit=1024%2C341&ssl=1","contentUrl":"https:\/\/i0.wp.com\/guivelelectricite.fr\/wp-content\/uploads\/2018\/09\/2.png?fit=1024%2C341&ssl=1","width":1024,"height":341},{"@type":"BreadcrumbList","@id":"https:\/\/guivelelectricite.fr\/#breadcrumb","itemListElement":[{"@type":"ListItem","position":1,"name":"Accueil","item":"https:\/\/guivelelectricite.fr\/"},{"@type":"ListItem","position":2,"name":"Accueil"}]},{"@type":"WebSite","@id":"http:\/\/guivelelectricite.fr\/#website","url":"http:\/\/guivelelectricite.fr\/","name":"GUIVEL \u00e9lectricit\u00e9","description":"Artisan \u00e9lectricien","publisher":{"@id":"http:\/\/guivelelectricite.fr\/#organization"},"potentialAction":[{"@type":"SearchAction","target":{"@type":"EntryPoint","urlTemplate":"http:\/\/guivelelectricite.fr\/?s={search_term_string}"},"query-input":{"@type":"PropertyValueSpecification","valueRequired":true,"valueName":"search_term_string"}}],"inLanguage":"fr-FR"},{"@type":"Organization","@id":"http:\/\/guivelelectricite.fr\/#organization","name":"GVL \u00e9lectricit\u00e9","url":"http:\/\/guivelelectricite.fr\/","logo":{"@type":"ImageObject","inLanguage":"fr-FR","@id":"http:\/\/guivelelectricite.fr\/#\/schema\/logo\/image\/","url":"https:\/\/i0.wp.com\/guivelelectricite.fr\/wp-content\/uploads\/2024\/08\/102dcc2f8d0630e1be4094ed6bfbf15b.png?fit=860%2C627&ssl=1","contentUrl":"https:\/\/i0.wp.com\/guivelelectricite.fr\/wp-content\/uploads\/2024\/08\/102dcc2f8d0630e1be4094ed6bfbf15b.png?fit=860%2C627&ssl=1","width":860,"height":627,"caption":"GVL \u00e9lectricit\u00e9"},"image":{"@id":"http:\/\/guivelelectricite.fr\/#\/schema\/logo\/image\/"},"sameAs":["https:\/\/www.facebook.com\/Guivel-lectricit-315408385903294"]}]}},"jetpack_sharing_enabled":true,"jetpack_shortlink":"https:\/\/wp.me\/Pamzwz-J","jetpack-related-posts":[],"_links":{"self":[{"href":"https:\/\/guivelelectricite.fr\/index.php\/wp-json\/wp\/v2\/pages\/45","targetHints":{"allow":["GET"]}}],"collection":[{"href":"https:\/\/guivelelectricite.fr\/index.php\/wp-json\/wp\/v2\/pages"}],"about":[{"href":"https:\/\/guivelelectricite.fr\/index.php\/wp-json\/wp\/v2\/types\/page"}],"author":[{"embeddable":true,"href":"https:\/\/guivelelectricite.fr\/index.php\/wp-json\/wp\/v2\/users\/1"}],"replies":[{"embeddable":true,"href":"https:\/\/guivelelectricite.fr\/index.php\/wp-json\/wp\/v2\/comments?post=45"}],"version-history":[{"count":27,"href":"https:\/\/guivelelectricite.fr\/index.php\/wp-json\/wp\/v2\/pages\/45\/revisions"}],"predecessor-version":[{"id":1598,"href":"https:\/\/guivelelectricite.fr\/index.php\/wp-json\/wp\/v2\/pages\/45\/revisions\/1598"}],"wp:featuredmedia":[{"embeddable":true,"href":"https:\/\/guivelelectricite.fr\/index.php\/wp-json\/wp\/v2\/media\/57"}],"wp:attachment":[{"href":"https:\/\/guivelelectricite.fr\/index.php\/wp-json\/wp\/v2\/media?parent=45"}],"curies":[{"name":"wp","href":"https:\/\/api.w.org\/{rel}","templated":true}]}}