{"id":202,"date":"2018-10-13T16:23:32","date_gmt":"2018-10-13T14:23:32","guid":{"rendered":"http:\/\/guivelelectricite.fr\/?page_id=202"},"modified":"2022-02-10T18:44:29","modified_gmt":"2022-02-10T17:44:29","slug":"renovation-electrique-complete","status":"publish","type":"page","link":"https:\/\/guivelelectricite.fr\/index.php\/renovation-electrique-complete\/","title":{"rendered":"R\u00e9novation \u00e9lectrique compl\u00e8te"},"content":{"rendered":"<div id=\"site_page\">\n<div id=\"site_page_texte\">\n<p>Suite \u00e0 l&rsquo;acquisition d&rsquo;un bien ou pour un projet\u00a0<strong>d&rsquo;agrandissement ou de r\u00e9novation compl\u00e8te \u00e9lectrique sur Saint-Nazaire et ses environs<\/strong>, je me tiens \u00e0 votre disposition pour toutes demandes et pour effectuer un devis gratuit afin de vous faire une proposition conforme \u00e0 vos attentes ainsi qu&rsquo;en ad\u00e9quation avec les normes \u00e9lectriques en vigueur.<\/p>\n<p>Les travaux d&rsquo;une r\u00e9novation \u00e9lectrique compl\u00e8te regroupent de nombreux\u00a0besoins qui ont eux aussi toutes leur importance.<\/p>\n<p>Vous trouverez ci-dessous quelques exemples possibles de r\u00e9alisation en termes de r\u00e9novation \u00e9lectrique compl\u00e8te ayant pour but\u00a0<strong>d\u2019am\u00e9liorer votre confort<\/strong>,\u00a0<strong>l\u2019esth\u00e9tisme\u00a0<\/strong>de votre habitation ou la\u00a0<strong>r\u00e9alisation d\u2019\u00e9conomie d\u2019\u00e9nergie<\/strong>.<\/p>\n<p>Cette liste est bien s\u00fbr non exhaustive aussi, je reste \u00e0 votre disposition afin\u00a0<strong>d\u2019\u00e9tudier ensemble un projet\u00a0<\/strong>qui vous tient \u00e0 c\u0153ur.<\/p>\n<\/div>\n<\/div>\n<p>&nbsp;<\/p>\n<div id=\"site_page\">\n<div id=\"site_page_texte\">\n<h6><span>CHAUFFAGE<\/span><\/h6>\n<ul>\n<li>Am\u00e9liorer les performances de mon chauffage<\/li>\n<li>Optimiser la gestion du chauffage<\/li>\n<li>R\u00e9guler la temp\u00e9rature ambiante<\/li>\n<li>Programmer mon chauffage sur une ou plusieurs zones<\/li>\n<li>Piloter mon chauffage \u00e0 distance<\/li>\n<\/ul>\n<h6><span>ECLAIRAGE<\/span><\/h6>\n<ul>\n<li>Automatiser l\u2019\u00e9clairage dans les lieux de passage<\/li>\n<li>Automatiser l\u2019\u00e9clairage du jardin \u00e0 la tomb\u00e9e de la nuit<\/li>\n<li>Automatiser l\u2019\u00e9clairage ext\u00e9rieur \u00e0 mon approche<\/li>\n<li>Commander plusieurs \u00e9clairages d\u2019un seul endroit<\/li>\n<li>Commander une source lumineuse depuis plus de 2 endroits diff\u00e9rents<\/li>\n<li>Faire varier l\u2019intensit\u00e9 de mon \u00e9clairage en fonction de mes envies<\/li>\n<li>Installer un \u00e9clairage minut\u00e9 dans les lieux de passage<\/li>\n<\/ul>\n<h6><span>ECONOMIE ET ENVIRONNEMENT<\/span><\/h6>\n<ul>\n<li>Baisser le co\u00fbt de ma production d\u2019eau chaude<\/li>\n<li>Baisser le co\u00fbt de mon abonnement d\u2019\u00e9lectricit\u00e9<\/li>\n<li>V\u00e9rifier ma consommation d\u2019\u00e9lectricit\u00e9 en temps r\u00e9el<\/li>\n<\/ul>\n<h6><span>INSTALLATION ELECTRIQUE<\/span><\/h6>\n<ul>\n<li>Avoir une installation \u00e9lectrique conforme aux normes<\/li>\n<li>S\u00e9curiser la salle de bain<\/li>\n<li>Installer une VMC ( Ventilation m\u00e9canique contr\u00f4l\u00e9e)<\/li>\n<\/ul>\n<h6><span>INTERRUPTEURS ET PRISES<\/span><\/h6>\n<ul>\n<li>Cacher les c\u00e2bles \u00e9lectriques<\/li>\n<li>Installer des interrupteurs ou prises sans faire de saign\u00e9es dans les murs<\/li>\n<li>Installer ou d\u00e9placer des prises et des interrupteurs<\/li>\n<li>Remplacer les prises et interrupteurs d\u00e9fectueux<\/li>\n<li>Renforcer la s\u00e9curit\u00e9 des enfants<\/li>\n<\/ul>\n<h6>S\u00c9CURIT\u00c9<span>\u00a0ET ALARMES<\/span><\/h6>\n<ul>\n<li>Dialoguer avec mon visiteur via l\u2019interphone avant de lui ouvrir<\/li>\n<li>Diminuer les risques d\u2019asphyxie et d\u2019incendie gr\u00e2ce \u00e0 la d\u00e9tection de fum\u00e9e<\/li>\n<li>Installer un carillon \u00e0 la porte d\u2019entr\u00e9e<\/li>\n<li>Prot\u00e9ger mon logement contre les intrus et les risques techniques<\/li>\n<li>Simuler une pr\u00e9sence par l\u2019\u00e9clairage en cas d\u2019absence<\/li>\n<\/ul>\n<h6><span>LOISIRS ET\u00a0<\/span>MULTIM\u00c9DIA<\/h6>\n<ul>\n<li>Obtenir la TV, internet et le t\u00e9l\u00e9phone via un m\u00eame type de prise<\/li>\n<li>Permettre \u00e0 mes \u00e9quipements informatiques de communiquer entre eux<\/li>\n<li>Prot\u00e9ger mes \u00e9quipements sensibles contre la foudre<\/li>\n<\/ul>\n<\/div>\n<\/div>\n","protected":false},"excerpt":{"rendered":"<p>Suite \u00e0 l&rsquo;acquisition d&rsquo;un bien ou pour un projet\u00a0d&rsquo;agrandissement ou de r\u00e9novation compl\u00e8te \u00e9lectrique sur Saint-Nazaire et ses environs, je me tiens \u00e0 votre disposition pour toutes demandes et pour effectuer un devis gratuit afin de vous faire une proposition conforme \u00e0 vos attentes ainsi qu&rsquo;en ad\u00e9quation avec les normes<\/p>\n","protected":false},"author":1,"featured_media":0,"parent":0,"menu_order":0,"comment_status":"closed","ping_status":"closed","template":"","meta":{"ngg_post_thumbnail":0,"footnotes":""},"class_list":["post-202","page","type-page","status-publish","hentry"],"yoast_head":"<!-- This site is optimized with the Yoast SEO plugin v27.5 - https:\/\/yoast.com\/product\/yoast-seo-wordpress\/ -->\n<title>R\u00e9novation \u00e9lectrique compl\u00e8te - GVL \u00e9lectricit\u00e9 - service<\/title>\n<meta name=\"description\" content=\"Suite \u00e0 l&#039;acquisition d&#039;un bien ou pour un projet\u00a0d&#039;agrandissement ou de r\u00e9novation compl\u00e8te \u00e9lectrique sur Missillac et ses environs, je me tiens \u00e0 votre disposition pour toutes demandes et pour effectuer un devis gratuit afin de vous faire une proposition conforme \u00e0 vos attentes ainsi qu&#039;en ad\u00e9quation avec les normes \u00e9lectriques en vigueur.\" \/>\n<meta name=\"robots\" content=\"index, follow, max-snippet:-1, max-image-preview:large, max-video-preview:-1\" \/>\n<link rel=\"canonical\" href=\"http:\/\/guivelelectricite.fr\/index.php\/renovation-electrique-complete\/\" \/>\n<meta property=\"og:locale\" content=\"fr_FR\" \/>\n<meta property=\"og:type\" content=\"article\" \/>\n<meta property=\"og:title\" content=\"R\u00e9novation \u00e9lectrique compl\u00e8te - GVL \u00e9lectricit\u00e9 - service\" \/>\n<meta property=\"og:description\" content=\"Suite \u00e0 l&#039;acquisition d&#039;un bien ou pour un projet\u00a0d&#039;agrandissement ou de r\u00e9novation compl\u00e8te \u00e9lectrique sur Missillac et ses environs, je me tiens \u00e0 votre disposition pour toutes demandes et pour effectuer un devis gratuit afin de vous faire une proposition conforme \u00e0 vos attentes ainsi qu&#039;en ad\u00e9quation avec les normes \u00e9lectriques en vigueur.\" \/>\n<meta property=\"og:url\" content=\"http:\/\/guivelelectricite.fr\/index.php\/renovation-electrique-complete\/\" \/>\n<meta property=\"og:site_name\" content=\"GVL \u00e9lectricit\u00e9 - service\" \/>\n<meta property=\"article:publisher\" content=\"https:\/\/www.facebook.com\/Guivel-lectricit-315408385903294\" \/>\n<meta property=\"article:modified_time\" content=\"2022-02-10T17:44:29+00:00\" \/>\n<meta name=\"twitter:card\" content=\"summary_large_image\" \/>\n<meta name=\"twitter:label1\" content=\"Dur\u00e9e de lecture estim\u00e9e\" \/>\n\t<meta name=\"twitter:data1\" content=\"2 minutes\" \/>\n<script type=\"application\/ld+json\" class=\"yoast-schema-graph\">{\"@context\":\"https:\\\/\\\/schema.org\",\"@graph\":[{\"@type\":\"WebPage\",\"@id\":\"http:\\\/\\\/guivelelectricite.fr\\\/index.php\\\/renovation-electrique-complete\\\/\",\"url\":\"http:\\\/\\\/guivelelectricite.fr\\\/index.php\\\/renovation-electrique-complete\\\/\",\"name\":\"R\u00e9novation \u00e9lectrique compl\u00e8te - GVL \u00e9lectricit\u00e9 - service\",\"isPartOf\":{\"@id\":\"http:\\\/\\\/guivelelectricite.fr\\\/#website\"},\"datePublished\":\"2018-10-13T14:23:32+00:00\",\"dateModified\":\"2022-02-10T17:44:29+00:00\",\"description\":\"Suite \u00e0 l'acquisition d'un bien ou pour un projet\u00a0d'agrandissement ou de r\u00e9novation compl\u00e8te \u00e9lectrique sur Missillac et ses environs, je me tiens \u00e0 votre disposition pour toutes demandes et pour effectuer un devis gratuit afin de vous faire une proposition conforme \u00e0 vos attentes ainsi qu'en ad\u00e9quation avec les normes \u00e9lectriques en vigueur.\",\"breadcrumb\":{\"@id\":\"http:\\\/\\\/guivelelectricite.fr\\\/index.php\\\/renovation-electrique-complete\\\/#breadcrumb\"},\"inLanguage\":\"fr-FR\",\"potentialAction\":[{\"@type\":\"ReadAction\",\"target\":[\"http:\\\/\\\/guivelelectricite.fr\\\/index.php\\\/renovation-electrique-complete\\\/\"]}]},{\"@type\":\"BreadcrumbList\",\"@id\":\"http:\\\/\\\/guivelelectricite.fr\\\/index.php\\\/renovation-electrique-complete\\\/#breadcrumb\",\"itemListElement\":[{\"@type\":\"ListItem\",\"position\":1,\"name\":\"Accueil\",\"item\":\"https:\\\/\\\/guivelelectricite.fr\\\/\"},{\"@type\":\"ListItem\",\"position\":2,\"name\":\"R\u00e9novation \u00e9lectrique compl\u00e8te\"}]},{\"@type\":\"WebSite\",\"@id\":\"http:\\\/\\\/guivelelectricite.fr\\\/#website\",\"url\":\"http:\\\/\\\/guivelelectricite.fr\\\/\",\"name\":\"GUIVEL \u00e9lectricit\u00e9\",\"description\":\"Artisan \u00e9lectricien\",\"publisher\":{\"@id\":\"http:\\\/\\\/guivelelectricite.fr\\\/#organization\"},\"potentialAction\":[{\"@type\":\"SearchAction\",\"target\":{\"@type\":\"EntryPoint\",\"urlTemplate\":\"http:\\\/\\\/guivelelectricite.fr\\\/?s={search_term_string}\"},\"query-input\":{\"@type\":\"PropertyValueSpecification\",\"valueRequired\":true,\"valueName\":\"search_term_string\"}}],\"inLanguage\":\"fr-FR\"},{\"@type\":\"Organization\",\"@id\":\"http:\\\/\\\/guivelelectricite.fr\\\/#organization\",\"name\":\"GVL \u00e9lectricit\u00e9\",\"url\":\"http:\\\/\\\/guivelelectricite.fr\\\/\",\"logo\":{\"@type\":\"ImageObject\",\"inLanguage\":\"fr-FR\",\"@id\":\"http:\\\/\\\/guivelelectricite.fr\\\/#\\\/schema\\\/logo\\\/image\\\/\",\"url\":\"https:\\\/\\\/i0.wp.com\\\/guivelelectricite.fr\\\/wp-content\\\/uploads\\\/2024\\\/08\\\/102dcc2f8d0630e1be4094ed6bfbf15b.png?fit=860%2C627&ssl=1\",\"contentUrl\":\"https:\\\/\\\/i0.wp.com\\\/guivelelectricite.fr\\\/wp-content\\\/uploads\\\/2024\\\/08\\\/102dcc2f8d0630e1be4094ed6bfbf15b.png?fit=860%2C627&ssl=1\",\"width\":860,\"height\":627,\"caption\":\"GVL \u00e9lectricit\u00e9\"},\"image\":{\"@id\":\"http:\\\/\\\/guivelelectricite.fr\\\/#\\\/schema\\\/logo\\\/image\\\/\"},\"sameAs\":[\"https:\\\/\\\/www.facebook.com\\\/Guivel-lectricit-315408385903294\"]}]}<\/script>\n<!-- \/ Yoast SEO plugin. -->","yoast_head_json":{"title":"R\u00e9novation \u00e9lectrique compl\u00e8te - GVL \u00e9lectricit\u00e9 - service","description":"Suite \u00e0 l'acquisition d'un bien ou pour un projet\u00a0d'agrandissement ou de r\u00e9novation compl\u00e8te \u00e9lectrique sur Missillac et ses environs, je me tiens \u00e0 votre disposition pour toutes demandes et pour effectuer un devis gratuit afin de vous faire une proposition conforme \u00e0 vos attentes ainsi qu'en ad\u00e9quation avec les normes \u00e9lectriques en vigueur.","robots":{"index":"index","follow":"follow","max-snippet":"max-snippet:-1","max-image-preview":"max-image-preview:large","max-video-preview":"max-video-preview:-1"},"canonical":"http:\/\/guivelelectricite.fr\/index.php\/renovation-electrique-complete\/","og_locale":"fr_FR","og_type":"article","og_title":"R\u00e9novation \u00e9lectrique compl\u00e8te - GVL \u00e9lectricit\u00e9 - service","og_description":"Suite \u00e0 l'acquisition d'un bien ou pour un projet\u00a0d'agrandissement ou de r\u00e9novation compl\u00e8te \u00e9lectrique sur Missillac et ses environs, je me tiens \u00e0 votre disposition pour toutes demandes et pour effectuer un devis gratuit afin de vous faire une proposition conforme \u00e0 vos attentes ainsi qu'en ad\u00e9quation avec les normes \u00e9lectriques en vigueur.","og_url":"http:\/\/guivelelectricite.fr\/index.php\/renovation-electrique-complete\/","og_site_name":"GVL \u00e9lectricit\u00e9 - service","article_publisher":"https:\/\/www.facebook.com\/Guivel-lectricit-315408385903294","article_modified_time":"2022-02-10T17:44:29+00:00","twitter_card":"summary_large_image","twitter_misc":{"Dur\u00e9e de lecture estim\u00e9e":"2 minutes"},"schema":{"@context":"https:\/\/schema.org","@graph":[{"@type":"WebPage","@id":"http:\/\/guivelelectricite.fr\/index.php\/renovation-electrique-complete\/","url":"http:\/\/guivelelectricite.fr\/index.php\/renovation-electrique-complete\/","name":"R\u00e9novation \u00e9lectrique compl\u00e8te - GVL \u00e9lectricit\u00e9 - service","isPartOf":{"@id":"http:\/\/guivelelectricite.fr\/#website"},"datePublished":"2018-10-13T14:23:32+00:00","dateModified":"2022-02-10T17:44:29+00:00","description":"Suite \u00e0 l'acquisition d'un bien ou pour un projet\u00a0d'agrandissement ou de r\u00e9novation compl\u00e8te \u00e9lectrique sur Missillac et ses environs, je me tiens \u00e0 votre disposition pour toutes demandes et pour effectuer un devis gratuit afin de vous faire une proposition conforme \u00e0 vos attentes ainsi qu'en ad\u00e9quation avec les normes \u00e9lectriques en vigueur.","breadcrumb":{"@id":"http:\/\/guivelelectricite.fr\/index.php\/renovation-electrique-complete\/#breadcrumb"},"inLanguage":"fr-FR","potentialAction":[{"@type":"ReadAction","target":["http:\/\/guivelelectricite.fr\/index.php\/renovation-electrique-complete\/"]}]},{"@type":"BreadcrumbList","@id":"http:\/\/guivelelectricite.fr\/index.php\/renovation-electrique-complete\/#breadcrumb","itemListElement":[{"@type":"ListItem","position":1,"name":"Accueil","item":"https:\/\/guivelelectricite.fr\/"},{"@type":"ListItem","position":2,"name":"R\u00e9novation \u00e9lectrique compl\u00e8te"}]},{"@type":"WebSite","@id":"http:\/\/guivelelectricite.fr\/#website","url":"http:\/\/guivelelectricite.fr\/","name":"GUIVEL \u00e9lectricit\u00e9","description":"Artisan \u00e9lectricien","publisher":{"@id":"http:\/\/guivelelectricite.fr\/#organization"},"potentialAction":[{"@type":"SearchAction","target":{"@type":"EntryPoint","urlTemplate":"http:\/\/guivelelectricite.fr\/?s={search_term_string}"},"query-input":{"@type":"PropertyValueSpecification","valueRequired":true,"valueName":"search_term_string"}}],"inLanguage":"fr-FR"},{"@type":"Organization","@id":"http:\/\/guivelelectricite.fr\/#organization","name":"GVL \u00e9lectricit\u00e9","url":"http:\/\/guivelelectricite.fr\/","logo":{"@type":"ImageObject","inLanguage":"fr-FR","@id":"http:\/\/guivelelectricite.fr\/#\/schema\/logo\/image\/","url":"https:\/\/i0.wp.com\/guivelelectricite.fr\/wp-content\/uploads\/2024\/08\/102dcc2f8d0630e1be4094ed6bfbf15b.png?fit=860%2C627&ssl=1","contentUrl":"https:\/\/i0.wp.com\/guivelelectricite.fr\/wp-content\/uploads\/2024\/08\/102dcc2f8d0630e1be4094ed6bfbf15b.png?fit=860%2C627&ssl=1","width":860,"height":627,"caption":"GVL \u00e9lectricit\u00e9"},"image":{"@id":"http:\/\/guivelelectricite.fr\/#\/schema\/logo\/image\/"},"sameAs":["https:\/\/www.facebook.com\/Guivel-lectricit-315408385903294"]}]}},"jetpack_sharing_enabled":true,"jetpack_shortlink":"https:\/\/wp.me\/Pamzwz-3g","jetpack-related-posts":[],"_links":{"self":[{"href":"https:\/\/guivelelectricite.fr\/index.php\/wp-json\/wp\/v2\/pages\/202","targetHints":{"allow":["GET"]}}],"collection":[{"href":"https:\/\/guivelelectricite.fr\/index.php\/wp-json\/wp\/v2\/pages"}],"about":[{"href":"https:\/\/guivelelectricite.fr\/index.php\/wp-json\/wp\/v2\/types\/page"}],"author":[{"embeddable":true,"href":"https:\/\/guivelelectricite.fr\/index.php\/wp-json\/wp\/v2\/users\/1"}],"replies":[{"embeddable":true,"href":"https:\/\/guivelelectricite.fr\/index.php\/wp-json\/wp\/v2\/comments?post=202"}],"version-history":[{"count":7,"href":"https:\/\/guivelelectricite.fr\/index.php\/wp-json\/wp\/v2\/pages\/202\/revisions"}],"predecessor-version":[{"id":263,"href":"https:\/\/guivelelectricite.fr\/index.php\/wp-json\/wp\/v2\/pages\/202\/revisions\/263"}],"wp:attachment":[{"href":"https:\/\/guivelelectricite.fr\/index.php\/wp-json\/wp\/v2\/media?parent=202"}],"curies":[{"name":"wp","href":"https:\/\/api.w.org\/{rel}","templated":true}]}}