{"id":200,"date":"2018-10-13T16:15:02","date_gmt":"2018-10-13T14:15:02","guid":{"rendered":"http:\/\/guivelelectricite.fr\/?page_id=200"},"modified":"2026-05-10T16:10:06","modified_gmt":"2026-05-10T14:10:06","slug":"cout-renovation-installation-electrique","status":"publish","type":"page","link":"https:\/\/guivelelectricite.fr\/index.php\/cout-renovation-installation-electrique\/","title":{"rendered":"Tarif"},"content":{"rendered":"<p>&nbsp;<\/p>\n<p>Si votre projet concerne une r\u00e9novation \u00e9lectrique compl\u00e8te de votre logement, et que vous vous posez la question de son co\u00fbt, nous vous invitons \u00e0 lire cet article de <a href=\"https:\/\/www.maisonentravaux.fr\/couts-travaux\/couts-electricite\/cout-devis-renovation-complete-electricite\/\" target=\"_blank\" rel=\"noopener\">Maison en Travaux : Comment calculer le co\u00fbt d&rsquo;une r\u00e9novation compl\u00e8te \u00e9lectrique ?<\/a> ou celui de <a href=\"https:\/\/www.installation-renovation-electrique.com\/prix-cout-renovation-complete-electrique\/\" target=\"_blank\" rel=\"noopener\">Installation-r\u00e9novation-\u00e9lectrique : Le v\u00e9ritable calcul pour le co\u00fbt d&rsquo;une r\u00e9novation \u00e9lectrique globale ?<\/a><\/p>\n<h2><\/h2>\n<p>&nbsp;<\/p>\n<h2>Comment calculer le co\u00fbt d\u2019une r\u00e9novation &nbsp;\u00e9lectrique ?<\/h2>\n<p>Dans le cas d\u2019une r\u00e9novation globale hors chauffage, luminaires d\u00e9co et VMC, un calcul rapide du co\u00fbt de votre r\u00e9novation \u00e9lectrique peut s\u2019appliquer ainsi :<\/p>\n<p><strong>&#8211; Surface habitable en <span style=\"color: #ff9900;\">m\u00b2 x 60 \u20ac TTC <\/span>sachant que la part mat\u00e9riel correspond \u00e0 environ 50% du prix global<br \/>\n<\/strong>Plusieurs sites internet, donnent comme r\u00e9f\u00e9rence un prix compris entre 100 et 120 HT au m\u00b2, le fait d&rsquo;\u00eatre micro-entrepreneur me permet de passer \u00e0 environ <strong><span style=\"color: #ff9900;\">60\u20ac TTC au m\u00b2<\/span><\/strong>.<\/p>\n<p>&nbsp;<\/p>\n<p>Le co\u00fbt d\u2019une r\u00e9novation \u00e9lectrique peut tr\u00e8s vite monter. En effet, le m\u00e9tier d\u2019\u00e9lectricien est un m\u00e9tier qui ne se voit pas. Quand on installe une prise \u00e9lectrique, il n\u2019y a pas que l\u2019appareillage, il ne faut pas oublier que derri\u00e8re, il y a le boitier, les fils et le tube qui vont jusqu\u2019au tableau \u00e9lectrique, ainsi que le disjoncteur qui prot\u00e8ge le circuit !<\/p>\n<p>Tout bon \u00e9lectricien r\u00e9pond \u00e0 la norme <a href=\"https:\/\/fr.wikipedia.org\/wiki\/NF_C_15-100\" target=\"_blank\" rel=\"noopener\"><strong>NFC-15-100<\/strong><\/a> et le respect de celle-ci implique des m\u00e9thodes et des \u00e9tapes qui influent sur le prix.<\/p>\n<p>Le non respect de ces normes ou l\u2019utilisation de mat\u00e9riel \u00e0 bas co\u00fbt et non norm\u00e9 peut avoir de graves cons\u00e9quences sur votre s\u00e9curit\u00e9 (risque d\u2019incendie ou d\u2019\u00e9lectrocution) . Alors attention, ne regardez pas seulement que le prix en bas du devis, car tous les d\u00e9tails comptent et d\u2019autant plus en r\u00e9novation !<\/p>\n<p>Un certain nombre de param\u00e8tres influent sur le prix en fonction du type de bien \u00e0 r\u00e9nover :&nbsp;Une distribution en encastr\u00e9 ou en apparent, le type des murs et cloisons, l\u2019acc\u00e8s aux combles, l\u2019\u00e9tat de l\u2019installation existante, la localisation du chantier (maison, appartement en \u00e9tage \u00e9lev\u00e9, zone de stationnement autour du chantier \u2026), le type de mat\u00e9riel utilis\u00e9 (niveau de gamme de l\u2019appareillage, des luminaires, des radiateurs, de la VMC \u2026).<\/p>\n<p>&nbsp;<\/p>\n<h3>Pour plus de pr\u00e9cisions,<span>&nbsp;<\/span>n\u2019h\u00e9sitez pas \u00e0 me contacter,<span>&nbsp;<\/span>je suis \u00e0 votre disposition pour vous conseiller<\/h3>\n<p>&nbsp;<\/p>\n<p>&nbsp;<\/p>\n","protected":false},"excerpt":{"rendered":"<p>&nbsp; Si votre projet concerne une r\u00e9novation \u00e9lectrique compl\u00e8te de votre logement, et que vous vous posez la question de son co\u00fbt, nous vous invitons \u00e0 lire cet article de Maison en Travaux : Comment calculer le co\u00fbt d&rsquo;une r\u00e9novation compl\u00e8te \u00e9lectrique ? ou celui de Installation-r\u00e9novation-\u00e9lectrique : Le v\u00e9ritable<\/p>\n","protected":false},"author":1,"featured_media":0,"parent":0,"menu_order":0,"comment_status":"closed","ping_status":"closed","template":"","meta":{"ngg_post_thumbnail":0,"footnotes":""},"class_list":["post-200","page","type-page","status-publish","hentry"],"jetpack_sharing_enabled":true,"jetpack_shortlink":"https:\/\/wp.me\/Pamzwz-3e","jetpack-related-posts":[],"_links":{"self":[{"href":"https:\/\/guivelelectricite.fr\/index.php\/wp-json\/wp\/v2\/pages\/200","targetHints":{"allow":["GET"]}}],"collection":[{"href":"https:\/\/guivelelectricite.fr\/index.php\/wp-json\/wp\/v2\/pages"}],"about":[{"href":"https:\/\/guivelelectricite.fr\/index.php\/wp-json\/wp\/v2\/types\/page"}],"author":[{"embeddable":true,"href":"https:\/\/guivelelectricite.fr\/index.php\/wp-json\/wp\/v2\/users\/1"}],"replies":[{"embeddable":true,"href":"https:\/\/guivelelectricite.fr\/index.php\/wp-json\/wp\/v2\/comments?post=200"}],"version-history":[{"count":13,"href":"https:\/\/guivelelectricite.fr\/index.php\/wp-json\/wp\/v2\/pages\/200\/revisions"}],"predecessor-version":[{"id":1551,"href":"https:\/\/guivelelectricite.fr\/index.php\/wp-json\/wp\/v2\/pages\/200\/revisions\/1551"}],"wp:attachment":[{"href":"https:\/\/guivelelectricite.fr\/index.php\/wp-json\/wp\/v2\/media?parent=200"}],"curies":[{"name":"wp","href":"https:\/\/api.w.org\/{rel}","templated":true}]}}